{"id":20,"date":"2021-03-18T15:22:55","date_gmt":"2021-03-18T18:22:55","guid":{"rendered":"https:\/\/www.flyti.com.br\/m\/?post_type=product&#038;p=20"},"modified":"2021-11-02T07:57:50","modified_gmt":"2021-11-02T10:57:50","slug":"silver","status":"publish","type":"product","link":"https:\/\/www.flyti.com.br\/m\/produto\/silver\/","title":{"rendered":"SILVER"},"content":{"rendered":"<h1>Voc\u00ea ainda conta com:<\/h1>\n<p><strong>Portal do cliente completo<\/strong><br \/>\nAcesso \u00e0s principais funcionalidades do seu plano, al\u00e9m de guia para te ajudar nos primeiros passos para a cria\u00e7\u00e3o de sites e e-mails, altera\u00e7\u00e3o de DNS e muito mais.<\/p>\n<p><strong>Conte com o painel ISPConfig<\/strong><br \/>\nConfigura\u00e7\u00f5es complexas s\u00e3o coisa do passado: simplifique a gest\u00e3o do seu plano de hospedagem com o painel de hospedagem mais utilizado no mundo, o cPanel. Gerencie seus sites, e-mails, dom\u00ednios e muito mais com essa poderosa ferramenta.<\/p>\n<p><strong>Suporte<\/strong><br \/>\nNossos especialistas em hospedagem est\u00e3o aqui para ajudar voc\u00ea, n\u00e3o importa o tamanho do seu projeto. Conte com a gente no e-mail, todos os dias do ano.<\/p>\n","protected":false},"excerpt":{"rendered":"<table class=\"table\">\n<tbody>\n<tr>\n<td><img loading=\"lazy\" decoding=\"async\" class=\"alignnone size-full wp-image-1553\" src=\"https:\/\/www.flyti.com.br\/m\/wp-content\/uploads\/2021\/03\/tick.png\" alt=\"\" width=\"18\" height=\"18\" \/> Hospedagem de at\u00e9 05 Websites<\/td>\n<\/tr>\n<tr class=\"active\">\n<td><img loading=\"lazy\" decoding=\"async\" class=\"alignnone size-full wp-image-1553\" src=\"https:\/\/www.flyti.com.br\/m\/wp-content\/uploads\/2021\/03\/tick.png\" alt=\"\" width=\"18\" height=\"18\" \/> 5GB Espa\u00e7o em Disco SSD<\/td>\n<\/tr>\n<tr>\n<td><img loading=\"lazy\" decoding=\"async\" class=\"alignnone size-full wp-image-1553\" src=\"https:\/\/www.flyti.com.br\/m\/wp-content\/uploads\/2021\/03\/tick.png\" alt=\"\" width=\"18\" height=\"18\" \/> 50GB Tr\u00e1fego Mensal<\/td>\n<\/tr>\n<tr class=\"active\">\n<td><img loading=\"lazy\" decoding=\"async\" class=\"alignnone size-full wp-image-1553\" src=\"https:\/\/www.flyti.com.br\/m\/wp-content\/uploads\/2021\/03\/tick.png\" alt=\"\" width=\"18\" height=\"18\" \/> 100 Emails e 10 MySQL<\/td>\n<\/tr>\n<tr>\n<td><img loading=\"lazy\" decoding=\"async\" class=\"alignnone size-full wp-image-1553\" src=\"https:\/\/www.flyti.com.br\/m\/wp-content\/uploads\/2021\/03\/tick.png\" alt=\"\" width=\"18\" height=\"18\" \/> ISPConfig e FTP<\/td>\n<\/tr>\n<tr class=\"active\">\n<td><img loading=\"lazy\" decoding=\"async\" class=\"alignnone size-full wp-image-1553\" src=\"https:\/\/www.flyti.com.br\/m\/wp-content\/uploads\/2021\/03\/tick.png\" alt=\"\" width=\"18\" height=\"18\" \/> Email Vers\u00e3o Mobile<\/td>\n<\/tr>\n<\/tbody>\n<\/table>\n","protected":false},"featured_media":21,"template":"","meta":[],"product_cat":[16],"product_tag":[70,66,67,69,68],"class_list":{"0":"post-20","1":"product","2":"type-product","3":"status-publish","4":"has-post-thumbnail","6":"product_cat-hosting","7":"product_tag-domain","8":"product_tag-hospedagem","9":"product_tag-host","10":"product_tag-ispconfig","11":"product_tag-mysql","13":"first","14":"instock","15":"sale","16":"virtual","17":"purchasable","18":"product-type-subscription"},"_links":{"self":[{"href":"https:\/\/www.flyti.com.br\/m\/wp-json\/wp\/v2\/product\/20","targetHints":{"allow":["GET"]}}],"collection":[{"href":"https:\/\/www.flyti.com.br\/m\/wp-json\/wp\/v2\/product"}],"about":[{"href":"https:\/\/www.flyti.com.br\/m\/wp-json\/wp\/v2\/types\/product"}],"wp:featuredmedia":[{"embeddable":true,"href":"https:\/\/www.flyti.com.br\/m\/wp-json\/wp\/v2\/media\/21"}],"wp:attachment":[{"href":"https:\/\/www.flyti.com.br\/m\/wp-json\/wp\/v2\/media?parent=20"}],"wp:term":[{"taxonomy":"product_cat","embeddable":true,"href":"https:\/\/www.flyti.com.br\/m\/wp-json\/wp\/v2\/product_cat?post=20"},{"taxonomy":"product_tag","embeddable":true,"href":"https:\/\/www.flyti.com.br\/m\/wp-json\/wp\/v2\/product_tag?post=20"}],"curies":[{"name":"wp","href":"https:\/\/api.w.org\/{rel}","templated":true}]}}